{"id":3,"date":"2022-02-08T14:00:10","date_gmt":"2022-02-08T13:00:10","guid":{"rendered":"http:\/\/biscuiterielatour.com\/?page_id=3"},"modified":"2022-02-14T11:09:27","modified_gmt":"2022-02-14T10:09:27","slug":"politique-de-confidentialite","status":"publish","type":"page","link":"http:\/\/biscuiterielatour.com\/en\/politique-de-confidentialite\/","title":{"rendered":"Privacy Policy"},"content":{"rendered":"<h2 class=\"wp-block-heading\" id=\"qui-sommes-nous\">Who are we?<\/h2>\n\n\n\n<p><strong class=\"privacy-policy-tutorial\"> <\/strong>Our website address is: http:\/\/biscuiterielatour.com.<\/p>\n\n\n\n<h2 class=\"wp-block-heading\" id=\"commentaires\">Comments<\/h2>\n\n\n\n<p>When you leave a comment on our site, the data entered in the comment form, but also your IP address and your browser's user agent are collected to help us detect unwanted comments.<\/p>\n\n\n\n<p>An anonymised string created from your email address (also known as a hash) can be sent to the Gravatar service to check whether you are using the service. The privacy policy of the Gravatar service is available here: https:\/\/automattic.com\/privacy\/. After your comment has been approved, your profile picture will be publicly visible next to your comment.<\/p>\n\n\n\n<h2 class=\"wp-block-heading\" id=\"medias\">Media<\/h2>\n\n\n\n<p><strong class=\"privacy-policy-tutorial\"> <\/strong>If you upload images to the site, we advise you to avoid uploading images that contain EXIF data of GPS coordinates. People visiting your site may download and extract location data from these images.<\/p>\n\n\n\n<h2 class=\"wp-block-heading\" id=\"contenu-embarque-depuis-d-autres-sites\">Embedded content from other sites<\/h2>\n\n\n\n<p>These websites may collect data about you, use cookies, embed third-party tracking tools, track your interactions with these embedded contents if you have a logged-in account on their website.<\/p>\n\n\n\n<h2 class=\"wp-block-heading\" id=\"utilisation-et-transmission-de-vos-donnees-personnelles\">Use and transmission of your personal data<\/h2>\n\n\n\n<p>If you request a password reset, your IP address will be included in the reset email.<\/p>\n\n\n\n<h2 class=\"wp-block-heading\" id=\"durees-de-stockage-de-vos-donnees\">How long your data is stored<\/h2>\n\n\n\n<p>If you leave a comment, the comment and its metadata are retained indefinitely. This allows subsequent comments to be automatically recognised and approved rather than left in the moderation queue.<\/p>\n\n\n\n<p>For accounts that register on our site (if any), we also store the personal data specified in their profile. All accounts can view, edit or delete their personal information at any time (with the exception of their user ID). Site managers can also view and edit this information.<\/p>\n\n\n\n<h2 class=\"wp-block-heading\" id=\"les-droits-que-vous-avez-sur-vos-donnees\">The rights you have over your data<\/h2>\n\n\n\n<p>If you have an account or have left comments on the site, you can request to receive a file containing all the personal data we hold about you, including that which you have provided to us. You may also request the deletion of your personal data. This does not include data stored for administrative, legal or security purposes.<\/p>\n\n\n\n<h2 class=\"wp-block-heading\" id=\"transmission-de-vos-donnees-personnelles\">Transmission of your personal data<\/h2>\n\n\n\n<p>Visitors' comments can be checked using an automated spam detection service.<\/p>","protected":false},"excerpt":{"rendered":"<p>Qui sommes-nous&nbsp;? L\u2019adresse de notre site est&nbsp;: http:\/\/biscuiterielatour.com. Commentaires Quand vous laissez un commentaire sur notre site, les donn\u00e9es inscrites dans le formulaire de commentaire, mais aussi votre adresse IP et l\u2019agent utilisateur de votre navigateur sont collect\u00e9s pour nous aider \u00e0 la d\u00e9tection des commentaires ind\u00e9sirables. Une cha\u00eene anonymis\u00e9e cr\u00e9\u00e9e \u00e0 partir de votre [&hellip;]<\/p>\n","protected":false},"author":1,"featured_media":0,"parent":0,"menu_order":0,"comment_status":"closed","ping_status":"open","template":"","meta":{"_monsterinsights_skip_tracking":false,"_monsterinsights_sitenote_active":false,"_monsterinsights_sitenote_note":"","_monsterinsights_sitenote_category":0,"footnotes":""},"class_list":["post-3","page","type-page","status-publish","hentry"],"aioseo_notices":[],"_links":{"self":[{"href":"http:\/\/biscuiterielatour.com\/en\/wp-json\/wp\/v2\/pages\/3","targetHints":{"allow":["GET"]}}],"collection":[{"href":"http:\/\/biscuiterielatour.com\/en\/wp-json\/wp\/v2\/pages"}],"about":[{"href":"http:\/\/biscuiterielatour.com\/en\/wp-json\/wp\/v2\/types\/page"}],"author":[{"embeddable":true,"href":"http:\/\/biscuiterielatour.com\/en\/wp-json\/wp\/v2\/users\/1"}],"replies":[{"embeddable":true,"href":"http:\/\/biscuiterielatour.com\/en\/wp-json\/wp\/v2\/comments?post=3"}],"version-history":[{"count":4,"href":"http:\/\/biscuiterielatour.com\/en\/wp-json\/wp\/v2\/pages\/3\/revisions"}],"predecessor-version":[{"id":749,"href":"http:\/\/biscuiterielatour.com\/en\/wp-json\/wp\/v2\/pages\/3\/revisions\/749"}],"wp:attachment":[{"href":"http:\/\/biscuiterielatour.com\/en\/wp-json\/wp\/v2\/media?parent=3"}],"curies":[{"name":"wp","href":"https:\/\/api.w.org\/{rel}","templated":true}]}}